{"id":167,"date":"2023-10-17T14:19:11","date_gmt":"2023-10-17T12:19:11","guid":{"rendered":"https:\/\/bateau-noe.com\/?page_id=167"},"modified":"2024-04-16T17:52:55","modified_gmt":"2024-04-16T15:52:55","slug":"home-elementor","status":"publish","type":"page","link":"https:\/\/bateau-noe.com\/","title":{"rendered":"Page d&#8217;accueil"},"content":{"rendered":"\t\t<div data-elementor-type=\"wp-page\" data-elementor-id=\"167\" class=\"elementor elementor-167\">\n\t\t\t\t\t\t\t<div class=\"elementor-element elementor-element-08591d8 e-flex e-con-boxed e-con e-parent\" data-id=\"08591d8\" data-element_type=\"container\" data-settings=\"{&quot;content_width&quot;:&quot;boxed&quot;}\" data-core-v316-plus=\"true\">\n\t\t\t\t\t<div class=\"e-con-inner\">\n\t\t\t\t<div class=\"elementor-element elementor-element-b0c99d8 elementor-widget elementor-widget-video\" data-id=\"b0c99d8\" data-element_type=\"widget\" data-settings=\"{&quot;video_type&quot;:&quot;vimeo&quot;}\" data-widget_type=\"video.default\">\n\t\t\t\t<div class=\"elementor-widget-container\">\n\t\t\t<style>\/*! elementor - v3.16.0 - 17-10-2023 *\/\n.elementor-widget-video .elementor-widget-container{overflow:hidden;transform:translateZ(0)}.elementor-widget-video .elementor-wrapper{aspect-ratio:var(--video-aspect-ratio)}.elementor-widget-video .elementor-wrapper iframe,.elementor-widget-video .elementor-wrapper video{height:100%;width:100%;display:flex;border:none;background-color:#000}@supports not (aspect-ratio:1\/1){.elementor-widget-video .elementor-wrapper{position:relative;overflow:hidden;height:0;padding-bottom:calc(100% \/ var(--video-aspect-ratio))}.elementor-widget-video .elementor-wrapper iframe,.elementor-widget-video .elementor-wrapper video{position:absolute;top:0;right:0;bottom:0;left:0}}.elementor-widget-video .elementor-open-inline .elementor-custom-embed-image-overlay{position:absolute;top:0;right:0;bottom:0;left:0;background-size:cover;background-position:50%}.elementor-widget-video .elementor-custom-embed-image-overlay{cursor:pointer;text-align:center}.elementor-widget-video .elementor-custom-embed-image-overlay:hover .elementor-custom-embed-play i{opacity:1}.elementor-widget-video .elementor-custom-embed-image-overlay img{display:block;width:100%;aspect-ratio:var(--video-aspect-ratio);-o-object-fit:cover;object-fit:cover;-o-object-position:center center;object-position:center center}@supports not (aspect-ratio:1\/1){.elementor-widget-video .elementor-custom-embed-image-overlay{position:relative;overflow:hidden;height:0;padding-bottom:calc(100% \/ var(--video-aspect-ratio))}.elementor-widget-video .elementor-custom-embed-image-overlay img{position:absolute;top:0;right:0;bottom:0;left:0}}.elementor-widget-video .e-hosted-video .elementor-video{-o-object-fit:cover;object-fit:cover}.e-con-inner>.elementor-widget-video,.e-con>.elementor-widget-video{width:var(--container-widget-width);--flex-grow:var(--container-widget-flex-grow)}<\/style>\t\t<div class=\"elementor-wrapper elementor-open-inline\">\n\t\t\t<iframe class=\"elementor-video-iframe\" allowfullscreen title=\"Lecteur vid\u00e9o vimeo\" src=\"https:\/\/player.vimeo.com\/video\/794090197?color&amp;autopause=0&amp;loop=0&amp;muted=0&amp;title=1&amp;portrait=1&amp;byline=1#t=\"><\/iframe>\t\t<\/div>\n\t\t\t\t<\/div>\n\t\t\t\t<\/div>\n\t\t\t\t\t<\/div>\n\t\t\t\t<\/div>\n\t\t<div class=\"elementor-element elementor-element-0d6924b e-flex e-con-boxed e-con e-parent\" data-id=\"0d6924b\" data-element_type=\"container\" data-settings=\"{&quot;content_width&quot;:&quot;boxed&quot;}\" data-core-v316-plus=\"true\">\n\t\t\t\t\t<div class=\"e-con-inner\">\n\t\t\t\t<div class=\"elementor-element elementor-element-986fcf0 elementor-widget elementor-widget-qi_addons_for_elementor_text_marquee\" data-id=\"986fcf0\" data-element_type=\"widget\" data-widget_type=\"qi_addons_for_elementor_text_marquee.default\">\n\t\t\t\t<div class=\"elementor-widget-container\">\n\t\t\t<div class=\"qodef-shortcode qodef-m  qodef-qi-text-marquee qodef-layout--default \">\n\t<div class=\"qodef-m-content\">\n\t\t<div class=\"qodef-m-text qodef-text--original\">\n\t\t\t\t\t\t\t<span class=\"qodef-m-text-item elementor-repeater-item-2b1e234\" >21 avril 2024 : No\u00e9 ouvre son bar !<\/span>\n                \t\t\t\t\t<\/div>\n\t\t<div class=\"qodef-m-text qodef-text--copy\">\n\t\t\t\t\t\t\t<span class=\"qodef-m-text-item elementor-repeater-item-2b1e234\" >21 avril 2024 : No\u00e9 ouvre son bar !<\/span>\n                \t\t\t\t\t<\/div>\n\t<\/div>\n<\/div>\n\t\t<\/div>\n\t\t\t\t<\/div>\n\t\t\t\t\t<\/div>\n\t\t\t\t<\/div>\n\t\t<div class=\"elementor-element elementor-element-15ebbdd elementor-hidden-tablet elementor-hidden-mobile e-flex e-con-boxed e-con e-parent\" data-id=\"15ebbdd\" data-element_type=\"container\" data-settings=\"{&quot;content_width&quot;:&quot;boxed&quot;}\" data-core-v316-plus=\"true\">\n\t\t\t\t\t<div class=\"e-con-inner\">\n\t\t<div data-eael-wrapper-link=\"{&quot;url&quot;:&quot;https:\\\/\\\/bateau-noe.com\\\/#projet&quot;,&quot;is_external&quot;:&quot;&quot;,&quot;nofollow&quot;:&quot;&quot;}\" class=\"elementor-element elementor-element-9a5bd73 e-con-full e-flex e-con e-child\" data-id=\"9a5bd73\" data-element_type=\"container\" data-settings=\"{&quot;content_width&quot;:&quot;full&quot;,&quot;background_background&quot;:&quot;classic&quot;}\">\n\t\t\t\t<div class=\"elementor-element elementor-element-1574f4d elementor-widget elementor-widget-heading\" data-id=\"1574f4d\" data-element_type=\"widget\" data-widget_type=\"heading.default\">\n\t\t\t\t<div class=\"elementor-widget-container\">\n\t\t\t<style>\/*! elementor - v3.16.0 - 17-10-2023 *\/\n.elementor-heading-title{padding:0;margin:0;line-height:1}.elementor-widget-heading .elementor-heading-title[class*=elementor-size-]>a{color:inherit;font-size:inherit;line-height:inherit}.elementor-widget-heading .elementor-heading-title.elementor-size-small{font-size:15px}.elementor-widget-heading .elementor-heading-title.elementor-size-medium{font-size:19px}.elementor-widget-heading .elementor-heading-title.elementor-size-large{font-size:29px}.elementor-widget-heading .elementor-heading-title.elementor-size-xl{font-size:39px}.elementor-widget-heading .elementor-heading-title.elementor-size-xxl{font-size:59px}<\/style><h2 class=\"elementor-heading-title elementor-size-default\">Le Projet No\u00e9<\/h2>\t\t<\/div>\n\t\t\t\t<\/div>\n\t\t\t\t<\/div>\n\t\t<div data-eael-wrapper-link=\"{&quot;url&quot;:&quot;https:\\\/\\\/bateau-noe.com\\\/index.php\\\/vers-un-nouveau-depart-pour-le-noe\\\/&quot;,&quot;is_external&quot;:&quot;&quot;,&quot;nofollow&quot;:&quot;&quot;}\" class=\"elementor-element elementor-element-baf5f26 e-con-full e-flex e-con e-child\" data-id=\"baf5f26\" data-element_type=\"container\" data-settings=\"{&quot;content_width&quot;:&quot;full&quot;,&quot;background_background&quot;:&quot;classic&quot;}\">\n\t\t\t\t<div class=\"elementor-element elementor-element-f99e63a elementor-widget elementor-widget-heading\" data-id=\"f99e63a\" data-element_type=\"widget\" data-widget_type=\"heading.default\">\n\t\t\t\t<div class=\"elementor-widget-container\">\n\t\t\t<h2 class=\"elementor-heading-title elementor-size-default\">Les Expos<\/h2>\t\t<\/div>\n\t\t\t\t<\/div>\n\t\t\t\t<\/div>\n\t\t\t\t\t<\/div>\n\t\t\t\t<\/div>\n\t\t<div class=\"elementor-element elementor-element-924fa2a elementor-hidden-tablet elementor-hidden-mobile e-flex e-con-boxed e-con e-parent\" data-id=\"924fa2a\" data-element_type=\"container\" data-settings=\"{&quot;content_width&quot;:&quot;boxed&quot;}\" data-core-v316-plus=\"true\">\n\t\t\t\t\t<div class=\"e-con-inner\">\n\t\t<div data-eael-wrapper-link=\"{&quot;url&quot;:&quot;https:\\\/\\\/bateau-noe.com\\\/#projet&quot;,&quot;is_external&quot;:&quot;&quot;,&quot;nofollow&quot;:&quot;&quot;}\" class=\"elementor-element elementor-element-abe054e e-con-full e-flex e-con e-child\" data-id=\"abe054e\" data-element_type=\"container\" data-settings=\"{&quot;content_width&quot;:&quot;full&quot;,&quot;background_background&quot;:&quot;classic&quot;}\">\n\t\t\t\t<div class=\"elementor-element elementor-element-be13eb0 elementor-widget elementor-widget-heading\" data-id=\"be13eb0\" data-element_type=\"widget\" data-widget_type=\"heading.default\">\n\t\t\t\t<div class=\"elementor-widget-container\">\n\t\t\t<h2 class=\"elementor-heading-title elementor-size-default\">Infos pratiques<\/h2>\t\t<\/div>\n\t\t\t\t<\/div>\n\t\t\t\t<\/div>\n\t\t<div data-eael-wrapper-link=\"{&quot;url&quot;:&quot;https:\\\/\\\/bateau-noe.com\\\/index.php\\\/lhistoire\\\/&quot;,&quot;is_external&quot;:&quot;&quot;,&quot;nofollow&quot;:&quot;&quot;}\" class=\"elementor-element elementor-element-fc79e7d e-con-full e-flex e-con e-child\" data-id=\"fc79e7d\" data-element_type=\"container\" data-settings=\"{&quot;content_width&quot;:&quot;full&quot;,&quot;background_background&quot;:&quot;classic&quot;}\">\n\t\t\t\t<div class=\"elementor-element elementor-element-b298f7e elementor-widget elementor-widget-heading\" data-id=\"b298f7e\" data-element_type=\"widget\" data-widget_type=\"heading.default\">\n\t\t\t\t<div class=\"elementor-widget-container\">\n\t\t\t<h2 class=\"elementor-heading-title elementor-size-default\">L'Histoire<\/h2>\t\t<\/div>\n\t\t\t\t<\/div>\n\t\t\t\t<\/div>\n\t\t\t\t\t<\/div>\n\t\t\t\t<\/div>\n\t\t<div class=\"elementor-element elementor-element-6192add e-con-full elementor-hidden-desktop e-flex e-con e-parent\" data-id=\"6192add\" data-element_type=\"container\" data-settings=\"{&quot;content_width&quot;:&quot;full&quot;}\" data-core-v316-plus=\"true\">\n\t\t<div data-eael-wrapper-link=\"{&quot;url&quot;:&quot;https:\\\/\\\/bateau-noe.com\\\/index.php\\\/leprojet\\\/&quot;,&quot;is_external&quot;:&quot;&quot;,&quot;nofollow&quot;:&quot;&quot;}\" class=\"elementor-element elementor-element-ade64cd e-flex e-con-boxed e-con e-child\" data-id=\"ade64cd\" data-element_type=\"container\" data-settings=\"{&quot;background_background&quot;:&quot;classic&quot;,&quot;content_width&quot;:&quot;boxed&quot;}\">\n\t\t\t\t\t<div class=\"e-con-inner\">\n\t\t\t\t<div class=\"elementor-element elementor-element-417373f elementor-widget elementor-widget-heading\" data-id=\"417373f\" data-element_type=\"widget\" data-widget_type=\"heading.default\">\n\t\t\t\t<div class=\"elementor-widget-container\">\n\t\t\t<h2 class=\"elementor-heading-title elementor-size-default\"><a href=\"https:\/\/bateau-noe.com\/index.php\/leprojet\/\">Le Projet No\u00e9<\/a><\/h2>\t\t<\/div>\n\t\t\t\t<\/div>\n\t\t\t\t\t<\/div>\n\t\t\t\t<\/div>\n\t\t<div data-eael-wrapper-link=\"{&quot;url&quot;:&quot;https:\\\/\\\/bateau-noe.com\\\/index.php\\\/les-expos\\\/&quot;,&quot;is_external&quot;:&quot;&quot;,&quot;nofollow&quot;:&quot;&quot;}\" class=\"elementor-element elementor-element-d62d4a8 e-flex e-con-boxed e-con e-child\" data-id=\"d62d4a8\" data-element_type=\"container\" data-settings=\"{&quot;background_background&quot;:&quot;classic&quot;,&quot;content_width&quot;:&quot;boxed&quot;}\">\n\t\t\t\t\t<div class=\"e-con-inner\">\n\t\t\t\t<div class=\"elementor-element elementor-element-1c402f9 elementor-widget elementor-widget-heading\" data-id=\"1c402f9\" data-element_type=\"widget\" data-widget_type=\"heading.default\">\n\t\t\t\t<div class=\"elementor-widget-container\">\n\t\t\t<h2 class=\"elementor-heading-title elementor-size-default\"><a href=\"https:\/\/bateau-noe.com\/index.php\/les-expos\/\">Les Expos<\/a><\/h2>\t\t<\/div>\n\t\t\t\t<\/div>\n\t\t\t\t\t<\/div>\n\t\t\t\t<\/div>\n\t\t<div data-eael-wrapper-link=\"{&quot;url&quot;:&quot;https:\\\/\\\/bateau-noe.com\\\/index.php\\\/lhistoire\\\/&quot;,&quot;is_external&quot;:&quot;&quot;,&quot;nofollow&quot;:&quot;&quot;}\" class=\"elementor-element elementor-element-c00065b e-flex e-con-boxed e-con e-child\" data-id=\"c00065b\" data-element_type=\"container\" data-settings=\"{&quot;background_background&quot;:&quot;classic&quot;,&quot;content_width&quot;:&quot;boxed&quot;}\">\n\t\t\t\t\t<div class=\"e-con-inner\">\n\t\t\t\t<div class=\"elementor-element elementor-element-998b55f elementor-widget elementor-widget-heading\" data-id=\"998b55f\" data-element_type=\"widget\" data-widget_type=\"heading.default\">\n\t\t\t\t<div class=\"elementor-widget-container\">\n\t\t\t<h2 class=\"elementor-heading-title elementor-size-default\"><a href=\"https:\/\/bateau-noe.com\/index.php\/lhistoire\/\">L'Histoire<\/a><\/h2>\t\t<\/div>\n\t\t\t\t<\/div>\n\t\t\t\t\t<\/div>\n\t\t\t\t<\/div>\n\t\t<div data-eael-wrapper-link=\"{&quot;url&quot;:&quot;https:\\\/\\\/bateau-noe.com\\\/index.php\\\/infos-pratiques&quot;,&quot;is_external&quot;:&quot;&quot;,&quot;nofollow&quot;:&quot;&quot;}\" class=\"elementor-element elementor-element-5d07d89 e-flex e-con-boxed e-con e-child\" data-id=\"5d07d89\" data-element_type=\"container\" data-settings=\"{&quot;background_background&quot;:&quot;classic&quot;,&quot;content_width&quot;:&quot;boxed&quot;}\">\n\t\t\t\t\t<div class=\"e-con-inner\">\n\t\t\t\t<div class=\"elementor-element elementor-element-b9a177d elementor-widget elementor-widget-heading\" data-id=\"b9a177d\" data-element_type=\"widget\" data-widget_type=\"heading.default\">\n\t\t\t\t<div class=\"elementor-widget-container\">\n\t\t\t<h2 class=\"elementor-heading-title elementor-size-default\"><a href=\"https:\/\/bateau-noe.com\/index.php\/infos-pratiques\">Infos pratiques<\/a><\/h2>\t\t<\/div>\n\t\t\t\t<\/div>\n\t\t\t\t\t<\/div>\n\t\t\t\t<\/div>\n\t\t\t\t<\/div>\n\t\t<div class=\"elementor-element elementor-element-79045f0 e-flex e-con-boxed e-con e-parent\" data-id=\"79045f0\" data-element_type=\"container\" data-settings=\"{&quot;content_width&quot;:&quot;boxed&quot;}\" data-core-v316-plus=\"true\">\n\t\t\t\t\t<div class=\"e-con-inner\">\n\t\t\t\t<div class=\"elementor-element elementor-element-3b61b06 elementor-widget elementor-widget-heading\" data-id=\"3b61b06\" data-element_type=\"widget\" data-widget_type=\"heading.default\">\n\t\t\t\t<div class=\"elementor-widget-container\">\n\t\t\t<h1 class=\"elementor-heading-title elementor-size-default\">No\u00e9 \u00e0 Rochefort<\/h1>\t\t<\/div>\n\t\t\t\t<\/div>\n\t\t\t\t<div class=\"elementor-element elementor-element-7b5c5b9 elementor-widget elementor-widget-heading\" data-id=\"7b5c5b9\" data-element_type=\"widget\" data-widget_type=\"heading.default\">\n\t\t\t\t<div class=\"elementor-widget-container\">\n\t\t\t<h4 class=\"elementor-heading-title elementor-size-default\">Petit \u00e0 petit, No\u00e9 reprend vie<\/h4>\t\t<\/div>\n\t\t\t\t<\/div>\n\t\t\t\t\t<\/div>\n\t\t\t\t<\/div>\n\t\t<div class=\"elementor-element elementor-element-ee7d51f e-flex e-con-boxed e-con e-parent\" data-id=\"ee7d51f\" data-element_type=\"container\" data-settings=\"{&quot;content_width&quot;:&quot;boxed&quot;}\" data-core-v316-plus=\"true\">\n\t\t\t\t\t<div class=\"e-con-inner\">\n\t\t\t\t<div class=\"elementor-element elementor-element-3ea2d80 elementor-widget elementor-widget-text-editor\" data-id=\"3ea2d80\" data-element_type=\"widget\" data-widget_type=\"text-editor.default\">\n\t\t\t\t<div class=\"elementor-widget-container\">\n\t\t\t<style>\/*! elementor - v3.16.0 - 17-10-2023 *\/\n.elementor-widget-text-editor.elementor-drop-cap-view-stacked .elementor-drop-cap{background-color:#69727d;color:#fff}.elementor-widget-text-editor.elementor-drop-cap-view-framed .elementor-drop-cap{color:#69727d;border:3px solid;background-color:transparent}.elementor-widget-text-editor:not(.elementor-drop-cap-view-default) .elementor-drop-cap{margin-top:8px}.elementor-widget-text-editor:not(.elementor-drop-cap-view-default) .elementor-drop-cap-letter{width:1em;height:1em}.elementor-widget-text-editor .elementor-drop-cap{float:left;text-align:center;line-height:1;font-size:50px}.elementor-widget-text-editor .elementor-drop-cap-letter{display:inline-block}<\/style>\t\t\t\t<p>Depuis janvier 2023, No\u00e9 est soigneusement entretenu dans l&#8217;<a href=\"https:\/\/arsenaldesmers.fr\/\">Arsenal des mers de Rochefort<\/a>, faisant partie int\u00e9grante de la <a href=\"https:\/\/arsenaldesmers.fr\/le-programme-de-votre-journee\/la-fabrique-de-larsenal-2\/\">Fabrique de l&#8217;Arsenal<\/a>, une nouvelle exp\u00e9rience immersive au coeur des hommes et des m\u00e9tiers de la marine.<br \/>Apr\u00e8s quelques mois de r\u00e9novation <strong>dans la forme radoub Napol\u00e9on III<\/strong>, initialement occup\u00e9e par L\u2019Hermione, No\u00e9 a ouvert ses portes en juillet 2023 et a accueilli <strong>pr\u00e8s de 10000 visiteurs<\/strong> pendant l&#8217;\u00e9t\u00e9, qui ont d\u00e9couvert son histoire et sa nouvelle destin\u00e9e. Les visiteurs ont \u00e9galement pu d\u00e9couvrir <strong>l&#8217;exposition &#8220;Coques d\u2019acier&#8221;<\/strong>, cr\u00e9\u00e9e par le <a href=\"https:\/\/www.corderie-royale.com\/\">Centre International de la Mer-Corderie<\/a> Royale, qui raconte l&#8217;histoire et les techniques de construction des navires en acier. Cette exposition ludique permet aux visiteurs d&#8217;apprendre les diff\u00e9rentes m\u00e9thodes de construction navale.<\/p><p>Prochaine \u00e9tape pour le No\u00e9 ? L&#8217;ouverture du bar au printemps 2024.<\/p>\t\t\t\t\t\t<\/div>\n\t\t\t\t<\/div>\n\t\t\t\t<div class=\"elementor-element elementor-element-1667c6c elementor-widget elementor-widget-heading\" data-id=\"1667c6c\" data-element_type=\"widget\" data-widget_type=\"heading.default\">\n\t\t\t\t<div class=\"elementor-widget-container\">\n\t\t\t<h1 class=\"elementor-heading-title elementor-size-default\">Ils parlent de nous<\/h1>\t\t<\/div>\n\t\t\t\t<\/div>\n\t\t\t\t\t<\/div>\n\t\t\t\t<\/div>\n\t\t<div class=\"elementor-element elementor-element-d3ab81b e-flex e-con-boxed e-con e-parent\" data-id=\"d3ab81b\" data-element_type=\"container\" data-settings=\"{&quot;content_width&quot;:&quot;boxed&quot;}\" data-core-v316-plus=\"true\">\n\t\t\t\t\t<div class=\"e-con-inner\">\n\t\t<div class=\"elementor-element elementor-element-b49e3b3 e-con-full e-flex e-con e-child\" data-id=\"b49e3b3\" data-element_type=\"container\" data-settings=\"{&quot;content_width&quot;:&quot;full&quot;}\">\n\t\t\t\t<div class=\"elementor-element elementor-element-06ac77e elementor-widget elementor-widget-image\" data-id=\"06ac77e\" data-element_type=\"widget\" data-widget_type=\"image.default\">\n\t\t\t\t<div class=\"elementor-widget-container\">\n\t\t\t<style>\/*! elementor - v3.16.0 - 17-10-2023 *\/\n.elementor-widget-image{text-align:center}.elementor-widget-image a{display:inline-block}.elementor-widget-image a img[src$=\".svg\"]{width:48px}.elementor-widget-image img{vertical-align:middle;display:inline-block}<\/style>\t\t\t\t\t\t\t\t\t\t\t\t\t<a href=\"https:\/\/www.agglo-rochefortocean.fr\/un-nouveau-bateau-dans-larsenal-forme-napoleon-iii\">\n\t\t\t\t\t\t\t<img loading=\"lazy\" decoding=\"async\" width=\"574\" height=\"397\" src=\"https:\/\/bateau-noe.com\/wp-content\/uploads\/2023\/11\/logorochefortocean.png\" class=\"attachment-large size-large wp-image-357\" alt=\"\" srcset=\"https:\/\/bateau-noe.com\/wp-content\/uploads\/2023\/11\/logorochefortocean.png 574w, https:\/\/bateau-noe.com\/wp-content\/uploads\/2023\/11\/logorochefortocean-300x207.png 300w\" sizes=\"auto, 100vw\" \/>\t\t\t\t\t\t\t\t<\/a>\n\t\t\t\t\t\t\t\t\t\t\t\t\t\t\t<\/div>\n\t\t\t\t<\/div>\n\t\t\t\t<\/div>\n\t\t<div class=\"elementor-element elementor-element-3612dca e-con-full e-flex e-con e-child\" data-id=\"3612dca\" data-element_type=\"container\" data-settings=\"{&quot;content_width&quot;:&quot;full&quot;}\">\n\t\t\t\t<div class=\"elementor-element elementor-element-cfd9230 elementor-widget elementor-widget-image\" data-id=\"cfd9230\" data-element_type=\"widget\" data-widget_type=\"image.default\">\n\t\t\t\t<div class=\"elementor-widget-container\">\n\t\t\t\t\t\t\t\t\t\t\t\t\t\t\t\t<a href=\"https:\/\/www.rochefort-ocean.com\/decouvrir\/l-arsenal-de-rochefort-et-la-corderie-royale\/le-noe\">\n\t\t\t\t\t\t\t<img loading=\"lazy\" decoding=\"async\" width=\"389\" height=\"129\" src=\"https:\/\/bateau-noe.com\/wp-content\/uploads\/2023\/11\/logorochefortocean-2.png\" class=\"attachment-large size-large wp-image-356\" alt=\"\" srcset=\"https:\/\/bateau-noe.com\/wp-content\/uploads\/2023\/11\/logorochefortocean-2.png 389w, https:\/\/bateau-noe.com\/wp-content\/uploads\/2023\/11\/logorochefortocean-2-300x99.png 300w\" sizes=\"auto, 100vw\" \/>\t\t\t\t\t\t\t\t<\/a>\n\t\t\t\t\t\t\t\t\t\t\t\t\t\t\t<\/div>\n\t\t\t\t<\/div>\n\t\t\t\t<\/div>\n\t\t<div class=\"elementor-element elementor-element-5a2d15b e-con-full e-flex e-con e-child\" data-id=\"5a2d15b\" data-element_type=\"container\" data-settings=\"{&quot;content_width&quot;:&quot;full&quot;}\">\n\t\t\t\t<div class=\"elementor-element elementor-element-bc156ee elementor-widget elementor-widget-image\" data-id=\"bc156ee\" data-element_type=\"widget\" data-widget_type=\"image.default\">\n\t\t\t\t<div class=\"elementor-widget-container\">\n\t\t\t\t\t\t\t\t\t\t\t\t\t\t\t\t<a href=\"https:\/\/www.sudouest.fr\/culture\/arsenal-de-rochefort-noe-une-belle-arche-pour-remplacer-l-hermione-13755381.php\">\n\t\t\t\t\t\t\t<img loading=\"lazy\" decoding=\"async\" width=\"950\" height=\"476\" src=\"https:\/\/bateau-noe.com\/wp-content\/uploads\/2023\/11\/Logo-Sud-Ouest-site.png\" class=\"attachment-large size-large wp-image-355\" alt=\"\" srcset=\"https:\/\/bateau-noe.com\/wp-content\/uploads\/2023\/11\/Logo-Sud-Ouest-site.png 1000w, https:\/\/bateau-noe.com\/wp-content\/uploads\/2023\/11\/Logo-Sud-Ouest-site-300x150.png 300w, https:\/\/bateau-noe.com\/wp-content\/uploads\/2023\/11\/Logo-Sud-Ouest-site-768x385.png 768w\" sizes=\"auto, 100vw\" \/>\t\t\t\t\t\t\t\t<\/a>\n\t\t\t\t\t\t\t\t\t\t\t\t\t\t\t<\/div>\n\t\t\t\t<\/div>\n\t\t\t\t<\/div>\n\t\t<div class=\"elementor-element elementor-element-89ea7dc e-con-full e-flex e-con e-child\" data-id=\"89ea7dc\" data-element_type=\"container\" data-settings=\"{&quot;content_width&quot;:&quot;full&quot;}\">\n\t\t\t\t<div class=\"elementor-element elementor-element-c0d8383 elementor-widget elementor-widget-image\" data-id=\"c0d8383\" data-element_type=\"widget\" data-widget_type=\"image.default\">\n\t\t\t\t<div class=\"elementor-widget-container\">\n\t\t\t\t\t\t\t\t\t\t\t\t\t\t\t\t<a href=\"https:\/\/arsenaldesmers.fr\/en-vedette-cet-ete-le-noe\/\">\n\t\t\t\t\t\t\t<img loading=\"lazy\" decoding=\"async\" width=\"950\" height=\"612\" src=\"https:\/\/bateau-noe.com\/wp-content\/uploads\/2023\/11\/logo_arsenal_des_mers_rvb__010791500_1437_21012019-1024x660.jpg\" class=\"attachment-large size-large wp-image-354\" alt=\"\" srcset=\"https:\/\/bateau-noe.com\/wp-content\/uploads\/2023\/11\/logo_arsenal_des_mers_rvb__010791500_1437_21012019-1024x660.jpg 1024w, https:\/\/bateau-noe.com\/wp-content\/uploads\/2023\/11\/logo_arsenal_des_mers_rvb__010791500_1437_21012019-300x193.jpg 300w, https:\/\/bateau-noe.com\/wp-content\/uploads\/2023\/11\/logo_arsenal_des_mers_rvb__010791500_1437_21012019-768x495.jpg 768w, https:\/\/bateau-noe.com\/wp-content\/uploads\/2023\/11\/logo_arsenal_des_mers_rvb__010791500_1437_21012019.jpg 1230w\" sizes=\"auto, 100vw\" \/>\t\t\t\t\t\t\t\t<\/a>\n\t\t\t\t\t\t\t\t\t\t\t\t\t\t\t<\/div>\n\t\t\t\t<\/div>\n\t\t\t\t<\/div>\n\t\t<div class=\"elementor-element elementor-element-6bf0d17 e-con-full e-flex e-con e-child\" data-id=\"6bf0d17\" data-element_type=\"container\" data-settings=\"{&quot;content_width&quot;:&quot;full&quot;}\">\n\t\t\t\t<div class=\"elementor-element elementor-element-5179f50 elementor-widget elementor-widget-image\" data-id=\"5179f50\" data-element_type=\"widget\" data-widget_type=\"image.default\">\n\t\t\t\t<div class=\"elementor-widget-container\">\n\t\t\t\t\t\t\t\t\t\t\t\t\t\t\t\t<a href=\"https:\/\/www.ouest-france.fr\/bretagne\/lorient-56100\/lorient-le-noe-s-envole-pour-une-nouvelle-vie-iodee-85b377a2-0f4f-11ed-a2a7-68f11ddd56d3\">\n\t\t\t\t\t\t\t<img loading=\"lazy\" decoding=\"async\" width=\"950\" height=\"320\" src=\"https:\/\/bateau-noe.com\/wp-content\/uploads\/2023\/11\/1200px-Logo_Ouest-France.svg-1024x345.png\" class=\"attachment-large size-large wp-image-353\" alt=\"\" srcset=\"https:\/\/bateau-noe.com\/wp-content\/uploads\/2023\/11\/1200px-Logo_Ouest-France.svg-1024x345.png 1024w, https:\/\/bateau-noe.com\/wp-content\/uploads\/2023\/11\/1200px-Logo_Ouest-France.svg-300x101.png 300w, https:\/\/bateau-noe.com\/wp-content\/uploads\/2023\/11\/1200px-Logo_Ouest-France.svg-768x259.png 768w, https:\/\/bateau-noe.com\/wp-content\/uploads\/2023\/11\/1200px-Logo_Ouest-France.svg-950x320.png 950w, https:\/\/bateau-noe.com\/wp-content\/uploads\/2023\/11\/1200px-Logo_Ouest-France.svg.png 1200w\" sizes=\"auto, 100vw\" \/>\t\t\t\t\t\t\t\t<\/a>\n\t\t\t\t\t\t\t\t\t\t\t\t\t\t\t<\/div>\n\t\t\t\t<\/div>\n\t\t\t\t<\/div>\n\t\t<div class=\"elementor-element elementor-element-a4a83e8 e-con-full e-flex e-con e-child\" data-id=\"a4a83e8\" data-element_type=\"container\" data-settings=\"{&quot;content_width&quot;:&quot;full&quot;}\">\n\t\t\t\t<div class=\"elementor-element elementor-element-d6ad124 elementor-widget elementor-widget-image\" data-id=\"d6ad124\" data-element_type=\"widget\" data-widget_type=\"image.default\">\n\t\t\t\t<div class=\"elementor-widget-container\">\n\t\t\t\t\t\t\t\t\t\t\t\t\t\t\t\t<a href=\"https:\/\/www.lanouvellerepublique.fr\/deux-sevres\/a-rochefort-le-noe-remplace-l-hermione\">\n\t\t\t\t\t\t\t<img loading=\"lazy\" decoding=\"async\" width=\"950\" height=\"309\" src=\"https:\/\/bateau-noe.com\/wp-content\/uploads\/2023\/11\/Nouvelle-Republique-Poitiers-1024x333.png\" class=\"attachment-large size-large wp-image-352\" alt=\"\" srcset=\"https:\/\/bateau-noe.com\/wp-content\/uploads\/2023\/11\/Nouvelle-Republique-Poitiers-1024x333.png 1024w, https:\/\/bateau-noe.com\/wp-content\/uploads\/2023\/11\/Nouvelle-Republique-Poitiers-300x97.png 300w, https:\/\/bateau-noe.com\/wp-content\/uploads\/2023\/11\/Nouvelle-Republique-Poitiers-768x249.png 768w, https:\/\/bateau-noe.com\/wp-content\/uploads\/2023\/11\/Nouvelle-Republique-Poitiers.png 1333w\" sizes=\"auto, 100vw\" \/>\t\t\t\t\t\t\t\t<\/a>\n\t\t\t\t\t\t\t\t\t\t\t\t\t\t\t<\/div>\n\t\t\t\t<\/div>\n\t\t\t\t<\/div>\n\t\t\t\t\t<\/div>\n\t\t\t\t<\/div>\n\t\t\t\t\t\t\t<\/div>\n\t\t","protected":false},"excerpt":{"rendered":"<p>https:\/\/vimeo.com\/794090197 21 avril 2024 : No\u00e9 ouvre son bar ! 21 avril 2024 : No\u00e9 ouvre son bar ! Le Projet No\u00e9 Les Expos Infos pratiques L&#8217;Histoire Le Projet No\u00e9 &hellip; <\/p>\n<p class=\"link-more\"><a href=\"https:\/\/bateau-noe.com\/\" class=\"more-link\">Lire la suite de<span class=\"screen-reader-text\">\u00ab\u00a0Page d&#8217;accueil\u00a0\u00bb<\/span><\/a><\/p>\n","protected":false},"author":1,"featured_media":0,"parent":0,"menu_order":0,"comment_status":"closed","ping_status":"closed","template":"elementor_header_footer","meta":{"footnotes":""},"class_list":["post-167","page","type-page","status-publish","hentry"],"_links":{"self":[{"href":"https:\/\/bateau-noe.com\/index.php\/wp-json\/wp\/v2\/pages\/167","targetHints":{"allow":["GET"]}}],"collection":[{"href":"https:\/\/bateau-noe.com\/index.php\/wp-json\/wp\/v2\/pages"}],"about":[{"href":"https:\/\/bateau-noe.com\/index.php\/wp-json\/wp\/v2\/types\/page"}],"author":[{"embeddable":true,"href":"https:\/\/bateau-noe.com\/index.php\/wp-json\/wp\/v2\/users\/1"}],"replies":[{"embeddable":true,"href":"https:\/\/bateau-noe.com\/index.php\/wp-json\/wp\/v2\/comments?post=167"}],"version-history":[{"count":47,"href":"https:\/\/bateau-noe.com\/index.php\/wp-json\/wp\/v2\/pages\/167\/revisions"}],"predecessor-version":[{"id":364,"href":"https:\/\/bateau-noe.com\/index.php\/wp-json\/wp\/v2\/pages\/167\/revisions\/364"}],"wp:attachment":[{"href":"https:\/\/bateau-noe.com\/index.php\/wp-json\/wp\/v2\/media?parent=167"}],"curies":[{"name":"wp","href":"https:\/\/api.w.org\/{rel}","templated":true}]}}