{"id":465,"date":"2024-05-27T17:47:15","date_gmt":"2024-05-27T15:47:15","guid":{"rendered":"https:\/\/bateau-noe.com\/?page_id=465"},"modified":"2024-07-28T11:40:00","modified_gmt":"2024-07-28T09:40:00","slug":"le-projet-copy-2","status":"publish","type":"page","link":"https:\/\/bateau-noe.com\/index.php\/le-projet-copy-2\/","title":{"rendered":"Le Bar"},"content":{"rendered":"\t\t<div data-elementor-type=\"wp-page\" data-elementor-id=\"465\" class=\"elementor elementor-465\">\n\t\t\t\t\t\t\t<div class=\"elementor-element elementor-element-e8bdc3d e-flex e-con-boxed e-con e-parent\" data-id=\"e8bdc3d\" data-element_type=\"container\" data-settings=\"{&quot;content_width&quot;:&quot;boxed&quot;}\" data-core-v316-plus=\"true\">\n\t\t\t\t\t<div class=\"e-con-inner\">\n\t\t\t\t<div class=\"elementor-element elementor-element-ba05cc4 elementor-widget elementor-widget-heading\" data-id=\"ba05cc4\" data-element_type=\"widget\" data-widget_type=\"heading.default\">\n\t\t\t\t<div class=\"elementor-widget-container\">\n\t\t\t<style>\/*! elementor - v3.16.0 - 17-10-2023 *\/\n.elementor-heading-title{padding:0;margin:0;line-height:1}.elementor-widget-heading .elementor-heading-title[class*=elementor-size-]>a{color:inherit;font-size:inherit;line-height:inherit}.elementor-widget-heading .elementor-heading-title.elementor-size-small{font-size:15px}.elementor-widget-heading .elementor-heading-title.elementor-size-medium{font-size:19px}.elementor-widget-heading .elementor-heading-title.elementor-size-large{font-size:29px}.elementor-widget-heading .elementor-heading-title.elementor-size-xl{font-size:39px}.elementor-widget-heading .elementor-heading-title.elementor-size-xxl{font-size:59px}<\/style><h2 class=\"elementor-heading-title elementor-size-default\">Le Bar<\/h2>\t\t<\/div>\n\t\t\t\t<\/div>\n\t\t\t\t\t<\/div>\n\t\t\t\t<\/div>\n\t\t<div class=\"elementor-element elementor-element-9e3ec5c e-flex e-con-boxed e-con e-parent\" data-id=\"9e3ec5c\" data-element_type=\"container\" data-settings=\"{&quot;content_width&quot;:&quot;boxed&quot;}\" data-core-v316-plus=\"true\">\n\t\t\t\t\t<div class=\"e-con-inner\">\n\t\t<div class=\"elementor-element elementor-element-f116455 e-con-full e-flex e-con e-child\" data-id=\"f116455\" data-element_type=\"container\" data-settings=\"{&quot;content_width&quot;:&quot;full&quot;}\">\n\t\t\t\t<div class=\"elementor-element elementor-element-5ef2d55 elementor-widget elementor-widget-image\" data-id=\"5ef2d55\" data-element_type=\"widget\" data-widget_type=\"image.default\">\n\t\t\t\t<div class=\"elementor-widget-container\">\n\t\t\t<style>\/*! elementor - v3.16.0 - 17-10-2023 *\/\n.elementor-widget-image{text-align:center}.elementor-widget-image a{display:inline-block}.elementor-widget-image a img[src$=\".svg\"]{width:48px}.elementor-widget-image img{vertical-align:middle;display:inline-block}<\/style>\t\t\t\t\t\t\t\t\t\t\t\t<img loading=\"lazy\" decoding=\"async\" width=\"683\" height=\"1024\" src=\"https:\/\/bateau-noe.com\/wp-content\/uploads\/2024\/05\/TROPICALISTO-683x1024.jpg\" class=\"attachment-large size-large wp-image-457\" alt=\"\" srcset=\"https:\/\/bateau-noe.com\/wp-content\/uploads\/2024\/05\/TROPICALISTO-683x1024.jpg 683w, https:\/\/bateau-noe.com\/wp-content\/uploads\/2024\/05\/TROPICALISTO-200x300.jpg 200w, https:\/\/bateau-noe.com\/wp-content\/uploads\/2024\/05\/TROPICALISTO-768x1152.jpg 768w, https:\/\/bateau-noe.com\/wp-content\/uploads\/2024\/05\/TROPICALISTO-1024x1536.jpg 1024w, https:\/\/bateau-noe.com\/wp-content\/uploads\/2024\/05\/TROPICALISTO-1365x2048.jpg 1365w, https:\/\/bateau-noe.com\/wp-content\/uploads\/2024\/05\/TROPICALISTO-2000x3000.jpg 2000w, https:\/\/bateau-noe.com\/wp-content\/uploads\/2024\/05\/TROPICALISTO-scaled.jpg 1707w\" sizes=\"auto, 100vw\" \/>\t\t\t\t\t\t\t\t\t\t\t\t\t\t\t<\/div>\n\t\t\t\t<\/div>\n\t\t\t\t<\/div>\n\t\t<div class=\"elementor-element elementor-element-61d6da1 e-con-full e-flex e-con e-child\" data-id=\"61d6da1\" data-element_type=\"container\" data-settings=\"{&quot;content_width&quot;:&quot;full&quot;}\">\n\t\t\t\t<div class=\"elementor-element elementor-element-45f4c79 elementor-widget elementor-widget-image\" data-id=\"45f4c79\" data-element_type=\"widget\" data-widget_type=\"image.default\">\n\t\t\t\t<div class=\"elementor-widget-container\">\n\t\t\t\t\t\t\t\t\t\t\t\t\t\t\t<img loading=\"lazy\" decoding=\"async\" width=\"683\" height=\"1024\" src=\"https:\/\/bateau-noe.com\/wp-content\/uploads\/2024\/05\/classicu-2024-05-12-104247.119-683x1024.jpg\" class=\"attachment-large size-large wp-image-455\" alt=\"\" srcset=\"https:\/\/bateau-noe.com\/wp-content\/uploads\/2024\/05\/classicu-2024-05-12-104247.119-683x1024.jpg 683w, https:\/\/bateau-noe.com\/wp-content\/uploads\/2024\/05\/classicu-2024-05-12-104247.119-200x300.jpg 200w, https:\/\/bateau-noe.com\/wp-content\/uploads\/2024\/05\/classicu-2024-05-12-104247.119-768x1152.jpg 768w, https:\/\/bateau-noe.com\/wp-content\/uploads\/2024\/05\/classicu-2024-05-12-104247.119-1024x1536.jpg 1024w, https:\/\/bateau-noe.com\/wp-content\/uploads\/2024\/05\/classicu-2024-05-12-104247.119-1365x2048.jpg 1365w, https:\/\/bateau-noe.com\/wp-content\/uploads\/2024\/05\/classicu-2024-05-12-104247.119-2000x3000.jpg 2000w, https:\/\/bateau-noe.com\/wp-content\/uploads\/2024\/05\/classicu-2024-05-12-104247.119-scaled.jpg 1707w\" sizes=\"auto, 100vw\" \/>\t\t\t\t\t\t\t\t\t\t\t\t\t\t\t<\/div>\n\t\t\t\t<\/div>\n\t\t\t\t<\/div>\n\t\t\t\t\t<\/div>\n\t\t\t\t<\/div>\n\t\t<div class=\"elementor-element elementor-element-3653da5 e-flex e-con-boxed e-con e-parent\" data-id=\"3653da5\" data-element_type=\"container\" data-settings=\"{&quot;content_width&quot;:&quot;boxed&quot;}\" data-core-v316-plus=\"true\">\n\t\t\t\t\t<div class=\"e-con-inner\">\n\t\t\t\t<div class=\"elementor-element elementor-element-e1450c1 elementor-widget elementor-widget-text-editor\" data-id=\"e1450c1\" data-element_type=\"widget\" data-widget_type=\"text-editor.default\">\n\t\t\t\t<div class=\"elementor-widget-container\">\n\t\t\t<style>\/*! elementor - v3.16.0 - 17-10-2023 *\/\n.elementor-widget-text-editor.elementor-drop-cap-view-stacked .elementor-drop-cap{background-color:#69727d;color:#fff}.elementor-widget-text-editor.elementor-drop-cap-view-framed .elementor-drop-cap{color:#69727d;border:3px solid;background-color:transparent}.elementor-widget-text-editor:not(.elementor-drop-cap-view-default) .elementor-drop-cap{margin-top:8px}.elementor-widget-text-editor:not(.elementor-drop-cap-view-default) .elementor-drop-cap-letter{width:1em;height:1em}.elementor-widget-text-editor .elementor-drop-cap{float:left;text-align:center;line-height:1;font-size:50px}.elementor-widget-text-editor .elementor-drop-cap-letter{display:inline-block}<\/style>\t\t\t\t<p>Le No\u00e9 vous propose une carte des boissons adapt\u00e9e \u00e0 toutes et tous.<\/p><p>Ouvert du jeudi au dimanche, en acc\u00e8s libre d\u00e8s 18h, vous pouvez venir profiter d\u2019un moment de d\u00e9tente sur notre sundeck et y d\u00e9guster des cocktails, du vin, de la bi\u00e8re et quelques tapas !<\/p>\t\t\t\t\t\t<\/div>\n\t\t\t\t<\/div>\n\t\t\t\t<div class=\"elementor-element elementor-element-93b4e84 elementor-align-center elementor-widget elementor-widget-button\" data-id=\"93b4e84\" data-element_type=\"widget\" data-widget_type=\"button.default\">\n\t\t\t\t<div class=\"elementor-widget-container\">\n\t\t\t\t\t<div class=\"elementor-button-wrapper\">\n\t\t\t<a class=\"elementor-button elementor-button-link elementor-size-md\" href=\"https:\/\/drive.google.com\/file\/d\/1kyZv6yMjttty3_uLd2EOglCLcXQ51TRQ\/view?usp=sharing\">\n\t\t\t\t\t\t<span class=\"elementor-button-content-wrapper\">\n\t\t\t\t\t\t<span class=\"elementor-button-text\">D\u00e9couvrez la carte ici<\/span>\n\t\t<\/span>\n\t\t\t\t\t<\/a>\n\t\t<\/div>\n\t\t\t\t<\/div>\n\t\t\t\t<\/div>\n\t\t\t\t\t<\/div>\n\t\t\t\t<\/div>\n\t\t\t\t\t\t\t<\/div>\n\t\t","protected":false},"excerpt":{"rendered":"<p>Le Bar Le No\u00e9 vous propose une carte des boissons adapt\u00e9e \u00e0 toutes et tous. Ouvert du jeudi au dimanche, en acc\u00e8s libre d\u00e8s 18h, vous pouvez venir profiter d\u2019un &hellip; <\/p>\n<p class=\"link-more\"><a href=\"https:\/\/bateau-noe.com\/index.php\/le-projet-copy-2\/\" class=\"more-link\">Lire la suite de<span class=\"screen-reader-text\">\u00ab\u00a0Le Bar\u00a0\u00bb<\/span><\/a><\/p>\n","protected":false},"author":1,"featured_media":0,"parent":0,"menu_order":0,"comment_status":"closed","ping_status":"closed","template":"elementor_header_footer","meta":{"footnotes":""},"class_list":["post-465","page","type-page","status-publish","hentry"],"_links":{"self":[{"href":"https:\/\/bateau-noe.com\/index.php\/wp-json\/wp\/v2\/pages\/465","targetHints":{"allow":["GET"]}}],"collection":[{"href":"https:\/\/bateau-noe.com\/index.php\/wp-json\/wp\/v2\/pages"}],"about":[{"href":"https:\/\/bateau-noe.com\/index.php\/wp-json\/wp\/v2\/types\/page"}],"author":[{"embeddable":true,"href":"https:\/\/bateau-noe.com\/index.php\/wp-json\/wp\/v2\/users\/1"}],"replies":[{"embeddable":true,"href":"https:\/\/bateau-noe.com\/index.php\/wp-json\/wp\/v2\/comments?post=465"}],"version-history":[{"count":16,"href":"https:\/\/bateau-noe.com\/index.php\/wp-json\/wp\/v2\/pages\/465\/revisions"}],"predecessor-version":[{"id":542,"href":"https:\/\/bateau-noe.com\/index.php\/wp-json\/wp\/v2\/pages\/465\/revisions\/542"}],"wp:attachment":[{"href":"https:\/\/bateau-noe.com\/index.php\/wp-json\/wp\/v2\/media?parent=465"}],"curies":[{"name":"wp","href":"https:\/\/api.w.org\/{rel}","templated":true}]}}